{"id":332,"date":"2025-05-13T09:48:01","date_gmt":"2025-05-13T07:48:01","guid":{"rendered":"https:\/\/sebischmied.net\/?page_id=332"},"modified":"2026-03-16T16:20:48","modified_gmt":"2026-03-16T15:20:48","slug":"impulse","status":"publish","type":"page","link":"https:\/\/sebischmied.net\/en\/impulse\/","title":{"rendered":"Conversation room"},"content":{"rendered":"<p class=\"has-text-align-center\"><strong>Space for dialogue, clarity and quiet change<\/strong><br><\/p>\n\n\n\n<div style=\"height:30px\" aria-hidden=\"true\" class=\"wp-block-spacer\"><\/div>\n\n\n\n<p class=\"has-text-align-left\">Some questions don't need a workshop.<br>Some processes start with an honest conversation.<\/p>\n\n\n\n<p>Here I open up a space for exchange, reflection and clarification.<br>for people who don't know me yet and still want to talk to me.<\/p>\n\n\n\n<div style=\"height:30px\" aria-hidden=\"true\" class=\"wp-block-spacer\"><\/div>\n\n\n\n<h3 class=\"wp-block-heading\">What it can be about<\/h3>\n\n\n\n<p><\/p>\n\n\n\n<ul class=\"wp-block-list\">\n<li>Personal or professional questions<\/li>\n\n\n\n<li>Decision-making processes<\/li>\n\n\n\n<li>Inner restlessness or excessive demands<\/li>\n\n\n\n<li>Relationships and roles<\/li>\n\n\n\n<li>Learning, development and questions of meaning<\/li>\n\n\n\n<li>or simply the need to be heard<\/li>\n<\/ul>\n\n\n\n<p>You decide what you bring in.<br>I listen, ask questions and - if it's right - share my perceptions.<\/p>\n\n\n\n<div style=\"height:30px\" aria-hidden=\"true\" class=\"wp-block-spacer\"><\/div>\n\n\n\n<h3 class=\"wp-block-heading\">Shape<\/h3>\n\n\n\n<p><\/p>\n\n\n\n<ul class=\"wp-block-list\">\n<li>Individual dialogue<\/li>\n\n\n\n<li>once or over a certain period of time<\/li>\n\n\n\n<li>on site in Burgdorf or Bern<\/li>\n\n\n\n<li>online possible<\/li>\n\n\n\n<li>Duration flexible (often 60-90 minutes)<\/li>\n<\/ul>\n\n\n\n<p>There is no obligation to be accompanied.<br>Sometimes a single conversation is enough.<\/p>\n\n\n\n<div style=\"height:30px\" aria-hidden=\"true\" class=\"wp-block-spacer\"><\/div>\n\n\n\n<h3 class=\"wp-block-heading\">Posture<\/h3>\n\n\n\n<p><\/p>\n\n\n\n<p>I work without pressure and without targets.<\/p>\n\n\n\n<p>Everything can be there:<br>Uncertainty, doubt, joy, longing, contradictions.<\/p>\n\n\n\n<p>I don't see myself as someone who knows what's right for you -<br>but as a counterpart who supports you, <strong>your own clarity<\/strong> to find.<\/p>\n\n\n\n<div style=\"height:30px\" aria-hidden=\"true\" class=\"wp-block-spacer\"><\/div>\n\n\n\n<h3 class=\"wp-block-heading\">Equalisation<\/h3>\n\n\n\n<p><\/p>\n\n\n\n<p>The financial contribution is deliberately open:<\/p>\n\n\n\n<p><strong>0 - 240 CHF\/EURO per meeting<\/strong><\/p>\n\n\n\n<p>You decide for yourself what is right and possible for you at the moment.<br>Money should not be an obstacle to getting an important impulse.<\/p>\n\n\n\n<div style=\"height:30px\" aria-hidden=\"true\" class=\"wp-block-spacer\"><\/div>\n\n\n\n<h3 class=\"wp-block-heading\">Invitation<\/h3>\n\n\n\n<p><\/p>\n\n\n\n<p>If you feel that a conversation would do you good right now,<br>please contact us without obligation.<\/p>\n\n\n\n<p class=\"has-text-align-left\">Sometimes a single clear moment is enough to reorganise something inside.<\/p>\n\n\n\n<div style=\"height:30px\" aria-hidden=\"true\" class=\"wp-block-spacer\"><\/div>\n\n\n\n<h4 class=\"wp-block-heading\"><\/h4>\n\n\n\n<div style=\"height:30px\" aria-hidden=\"true\" class=\"wp-block-spacer\"><\/div>\n\n\n\n<div class=\"wp-block-buttons is-content-justification-center is-layout-flex wp-container-core-buttons-is-layout-16018d1d wp-block-buttons-is-layout-flex\">\n<div class=\"wp-block-button\"><a class=\"wp-block-button__link has-text-align-center wp-element-button\" href=\"https:\/\/sebischmied.net\/en\/kontakt\/\">Contact me for a free initial call<\/a><\/div>\n<\/div>\n\n\n\n<div style=\"height:30px\" aria-hidden=\"true\" class=\"wp-block-spacer\"><\/div>","protected":false},"excerpt":{"rendered":"<p>Raum f\u00fcr Gespr\u00e4ch, Klarheit und leise Ver\u00e4nderung Manche Fragen brauchen keinen Workshop.Manche Prozesse beginnen mit einem ehrlichen Gespr\u00e4ch. Hier \u00f6ffne ich einen Raum f\u00fcr Austausch, Reflexion und Kl\u00e4rung \u2013f\u00fcr Menschen, die mich noch nicht kennen und dennoch ins Gespr\u00e4ch kommen m\u00f6chten. Worum es gehen kann Du bestimmst, was du einbringst.Ich h\u00f6re zu, stelle Fragen und teile \u2013 wenn es stimmig ist \u2013 meine Wahrnehmung. Form Es gibt keine Verpflichtung zu einer Begleitung.Manchmal reicht ein einziges Gespr\u00e4ch. Haltung Ich arbeite ohne Druck und ohne Zielvorgaben. Alles darf da sein:Unsicherheit, Zweifel, Freude, Sehnsucht, Widerspr\u00fcche. Ich sehe mich nicht als jemand, der weiss, was f\u00fcr dich richtig ist \u2013sondern als Gegen\u00fcber, das dich unterst\u00fctzt, deine eigene Klarheit zu finden. Ausgleich Der finanzielle Beitrag ist bewusst offen gestaltet: 0 \u2013 240 CHF\/EURO pro Treffen Du entscheidest selbst, was f\u00fcr dich im Moment stimmig und m\u00f6glich ist.Geld soll kein Hindernis sein, einen wichtigen Impuls zu bekommen. Einladung Wenn du sp\u00fcrst, dass ein Gespr\u00e4ch gerade gut tun w\u00fcrde,melde dich gerne unverbindlich. Manchmal gen\u00fcgt ein einziger klarer Moment, damit sich innerlich etwas neu ordnet.<\/p>","protected":false},"author":1,"featured_media":0,"parent":0,"menu_order":0,"comment_status":"closed","ping_status":"closed","template":"","meta":{"_monsterinsights_skip_tracking":false,"_monsterinsights_sitenote_active":false,"_monsterinsights_sitenote_note":"","_monsterinsights_sitenote_category":0,"_uf_show_specific_survey":0,"_uf_disable_surveys":false,"footnotes":""},"class_list":["post-332","page","type-page","status-publish","hentry"],"aioseo_notices":[],"acf":[],"_links":{"self":[{"href":"https:\/\/sebischmied.net\/en\/wp-json\/wp\/v2\/pages\/332","targetHints":{"allow":["GET"]}}],"collection":[{"href":"https:\/\/sebischmied.net\/en\/wp-json\/wp\/v2\/pages"}],"about":[{"href":"https:\/\/sebischmied.net\/en\/wp-json\/wp\/v2\/types\/page"}],"author":[{"embeddable":true,"href":"https:\/\/sebischmied.net\/en\/wp-json\/wp\/v2\/users\/1"}],"replies":[{"embeddable":true,"href":"https:\/\/sebischmied.net\/en\/wp-json\/wp\/v2\/comments?post=332"}],"version-history":[{"count":10,"href":"https:\/\/sebischmied.net\/en\/wp-json\/wp\/v2\/pages\/332\/revisions"}],"predecessor-version":[{"id":1328,"href":"https:\/\/sebischmied.net\/en\/wp-json\/wp\/v2\/pages\/332\/revisions\/1328"}],"wp:attachment":[{"href":"https:\/\/sebischmied.net\/en\/wp-json\/wp\/v2\/media?parent=332"}],"curies":[{"name":"wp","href":"https:\/\/api.w.org\/{rel}","templated":true}]}}