{"id":148,"date":"2025-05-05T07:22:32","date_gmt":"2025-05-05T05:22:32","guid":{"rendered":"http:\/\/sebischmied.net\/?page_id=148"},"modified":"2025-10-13T22:04:47","modified_gmt":"2025-10-13T20:04:47","slug":"impressum","status":"publish","type":"page","link":"https:\/\/sebischmied.net\/en\/impressum\/","title":{"rendered":"Impressum"},"content":{"rendered":"<p>Sebastian Schmied<br>Telefon: 079 787 86 55<br>Adresse: Meiefeldstrasse 35, 3400 Burgdorf <br>E-Mail:\u00a0sebastian.schmied@bluewin.ch<br>Homepage:\u00a0sebischmied.net<\/p>\n\n\n\n<p><\/p>\n\n\n\n<p><strong>Bankverbindung<\/strong>: Frank-Sebastien Schmied, Raiffeisenbank der Region Burgdorf, CH63 8080 8002 3889 3631<\/p>\n\n\n\n<p>Fotos und Videos:<br><br>Alex Bichsel, www.alex-bichsel.ch<\/p>\n\n\n\n<p>Gian Giovanoli, www.giangiovanoli.com<\/p>\n\n\n\n<p>Andreas Kaufmann, www.mediadesign-kaufmann.de<br><br>Edgar Koch, wendysocial.com<\/p>\n\n\n\n<p>Diese Webseite wurde gestaltet mit WordPress (Ashe Theme) zusammen mit Kathrin Sieder&nbsp;<a href=\"https:\/\/kathrinsieder.at\/coaching\/\">https:\/\/kathrinsieder.at\/coaching\/<\/a><\/p>\n\n\n\n<p><strong>Links<\/strong><br>Links&nbsp;zu externen Websites stelle ich&nbsp;als Service zur Verf\u00fcgung. Diese Websites sind unabh\u00e4ngig und liegen au\u00dferhalb meiner&nbsp;Kontrolle, weshalb ich&nbsp;keine Verantwortung f\u00fcr die Inhalte von externen Websites \u00fcbernehme.<\/p>\n\n\n\n<p><strong>Urheberrecht<\/strong><br>Die von mir erstellten Inhalte und Werke auf diesen Seiten unterliegen dem Schweizer Urheberrecht. Die Vervielf\u00e4ltigung, Bearbeitung, Verbreitung und jede Art der Verwertung ausserhalb der Grenzen des Urheberrechtes bed\u00fcrfen der schriftlichen Zustimmung.<\/p>\n\n\n\n<div style=\"height:100px\" aria-hidden=\"true\" class=\"wp-block-spacer\"><\/div>\n\n\n\n<h2 class=\"wp-block-heading\">Datenschutz<\/h2>\n\n\n\n<p><strong>Datenschutzerkl\u00e4rung<\/strong><\/p>\n\n\n\n<p>Diese Website erhebt und verarbeitet personenbezogene Daten im Einklang mit dem schweizerischen Datenschutzrecht (insbesondere dem <strong>Datenschutzgesetz, DSG<\/strong>).<\/p>\n\n\n\n<p><strong>1. Kontaktaufnahme<\/strong><br>Wenn Sie mich per E-Mail kontaktieren, werden Ihre Angaben zwecks Bearbeitung der Anfrage gespeichert. Ich gebe diese Daten nicht ohne Ihre Einwilligung weiter.<\/p>\n\n\n\n<p><strong>2. Zugriffsdaten<\/strong><br>Beim Besuch dieser Website k\u00f6nnen durch den Hostinganbieter Daten wie IP-Adresse, Datum, Uhrzeit, Browser-Anfrage usw. gespeichert werden. Diese dienen statistischen Auswertungen und der Sicherheit des Angebots.<\/p>\n\n\n\n<p><strong>3. Cookies<\/strong><br>Diese Website verwendet m\u00f6glicherweise Cookies, um die Nutzerfreundlichkeit zu verbessern. Sie k\u00f6nnen in Ihrem Browser die Verwendung von Cookies deaktivieren.<\/p>\n\n\n\n<p><strong>4. Ihre Rechte<\/strong><br>Sie haben das Recht auf Auskunft, Berichtigung und L\u00f6schung Ihrer personenbezogenen Daten im Rahmen der gesetzlichen Bestimmungen.<\/p>\n\n\n\n<p><strong>5. Verantwortliche Stelle<\/strong><br>Sebastian Schmied<br>Meiefeldstrasse 35, 3400 Burgdorf <br>E-Mail: <a>sebastian.schmied@bluewin.ch<\/a><\/p>","protected":false},"excerpt":{"rendered":"<p>Sebastian SchmiedTelefon: 079 787 86 55Adresse: Meiefeldstrasse 35, 3400 Burgdorf E-Mail:\u00a0sebastian.schmied@bluewin.chHomepage:\u00a0sebischmied.net Bankverbindung: Frank-Sebastien Schmied, Raiffeisenbank der Region Burgdorf, CH63 8080 8002 3889 3631 Fotos und Videos: Alex Bichsel, www.alex-bichsel.ch Gian Giovanoli, www.giangiovanoli.com Andreas Kaufmann, www.mediadesign-kaufmann.de Edgar Koch, wendysocial.com Diese Webseite wurde gestaltet mit WordPress (Ashe Theme) zusammen mit Kathrin Sieder&nbsp;https:\/\/kathrinsieder.at\/coaching\/ LinksLinks&nbsp;zu externen Websites stelle ich&nbsp;als Service zur Verf\u00fcgung. Diese Websites sind unabh\u00e4ngig und liegen au\u00dferhalb meiner&nbsp;Kontrolle, weshalb ich&nbsp;keine Verantwortung f\u00fcr die Inhalte von externen Websites \u00fcbernehme. UrheberrechtDie von mir erstellten Inhalte und Werke auf diesen Seiten unterliegen dem Schweizer Urheberrecht. Die Vervielf\u00e4ltigung, Bearbeitung, Verbreitung und jede Art der Verwertung ausserhalb der Grenzen des Urheberrechtes bed\u00fcrfen der schriftlichen Zustimmung. Datenschutz Datenschutzerkl\u00e4rung Diese Website erhebt und verarbeitet personenbezogene Daten im Einklang mit dem schweizerischen Datenschutzrecht (insbesondere dem Datenschutzgesetz, DSG). 1. KontaktaufnahmeWenn Sie mich per E-Mail kontaktieren, werden Ihre Angaben zwecks Bearbeitung der Anfrage gespeichert. Ich gebe diese Daten nicht ohne Ihre Einwilligung weiter. 2. ZugriffsdatenBeim Besuch dieser Website k\u00f6nnen durch den Hostinganbieter Daten wie IP-Adresse, Datum, Uhrzeit, Browser-Anfrage usw. gespeichert werden. Diese dienen statistischen Auswertungen und der Sicherheit des Angebots. 3. CookiesDiese Website verwendet m\u00f6glicherweise Cookies, um die Nutzerfreundlichkeit zu verbessern. Sie k\u00f6nnen in Ihrem Browser die Verwendung von Cookies deaktivieren. 4. Ihre RechteSie haben das Recht auf Auskunft, Berichtigung und L\u00f6schung Ihrer personenbezogenen Daten im Rahmen der gesetzlichen Bestimmungen. 5. Verantwortliche StelleSebastian SchmiedMeiefeldstrasse 35, 3400 Burgdorf E-Mail: sebastian.schmied@bluewin.ch<\/p>","protected":false},"author":1,"featured_media":0,"parent":0,"menu_order":0,"comment_status":"closed","ping_status":"closed","template":"","meta":{"_monsterinsights_skip_tracking":false,"_monsterinsights_sitenote_active":false,"_monsterinsights_sitenote_note":"","_monsterinsights_sitenote_category":0,"_uf_show_specific_survey":0,"_uf_disable_surveys":false,"footnotes":""},"class_list":["post-148","page","type-page","status-publish","hentry"],"aioseo_notices":[],"acf":[],"_links":{"self":[{"href":"https:\/\/sebischmied.net\/en\/wp-json\/wp\/v2\/pages\/148","targetHints":{"allow":["GET"]}}],"collection":[{"href":"https:\/\/sebischmied.net\/en\/wp-json\/wp\/v2\/pages"}],"about":[{"href":"https:\/\/sebischmied.net\/en\/wp-json\/wp\/v2\/types\/page"}],"author":[{"embeddable":true,"href":"https:\/\/sebischmied.net\/en\/wp-json\/wp\/v2\/users\/1"}],"replies":[{"embeddable":true,"href":"https:\/\/sebischmied.net\/en\/wp-json\/wp\/v2\/comments?post=148"}],"version-history":[{"count":9,"href":"https:\/\/sebischmied.net\/en\/wp-json\/wp\/v2\/pages\/148\/revisions"}],"predecessor-version":[{"id":985,"href":"https:\/\/sebischmied.net\/en\/wp-json\/wp\/v2\/pages\/148\/revisions\/985"}],"wp:attachment":[{"href":"https:\/\/sebischmied.net\/en\/wp-json\/wp\/v2\/media?parent=148"}],"curies":[{"name":"wp","href":"https:\/\/api.w.org\/{rel}","templated":true}]}}