{"id":1332,"date":"2026-04-17T06:58:47","date_gmt":"2026-04-17T04:58:47","guid":{"rendered":"https:\/\/sebischmied.net\/?page_id=1332"},"modified":"2026-04-17T07:49:56","modified_gmt":"2026-04-17T05:49:56","slug":"bewusstsein","status":"publish","type":"page","link":"https:\/\/sebischmied.net\/en\/bewusstsein\/","title":{"rendered":"Bewusstsein"},"content":{"rendered":"<p>Bewusstsein ist ein Zugang<br>zu innerer Stille, zu mehr Gelassenheit<br>und zu einem Leben, das von Liebe und Genuss getragen ist.<\/p>\n\n\n\n<p>Sich mit dem eigenen Bewusstsein auseinanderzusetzen,<br>kann etwas Grundlegendes ver\u00e4ndern.<\/p>\n\n\n\n<p>Nicht, weil man mehr versteht \u2013<br>sondern weil sich die Wahrnehmung ver\u00e4ndert.<\/p>\n\n\n\n<p>Weniger im Reagieren.<br>Mehr im Sein.<\/p>\n\n\n\n<div style=\"height:30px\" aria-hidden=\"true\" class=\"wp-block-spacer\"><\/div>\n\n\n\n<h3 class=\"wp-block-heading\">Ein einfacher Zugang<\/h3>\n\n\n\n<div style=\"height:0px\" aria-hidden=\"true\" class=\"wp-block-spacer\"><\/div>\n\n\n\n<p>Gehirnsoftware er\u00f6ffnet einen direkten und \u00fcberraschend einfachen Weg,<br>sich mit Bewusstsein zu verbinden.<\/p>\n\n\n\n<p>Sie verbindet altes Erfahrungswissen mit modernen wissenschaftlichen Perspektiven<br>und macht erfahrbar, was sonst oft abstrakt bleibt.<\/p>\n\n\n\n<p>Gerade f\u00fcr Menschen, die klar denken und hinterfragen,<br>kann das ein stimmiger Zugang sein.<\/p>\n\n\n\n<div style=\"height:30px\" aria-hidden=\"true\" class=\"wp-block-spacer\"><\/div>\n\n\n\n<h3 class=\"wp-block-heading\">An invitation<\/h3>\n\n\n\n<h5 class=\"wp-block-heading\"><\/h5>\n\n\n\n<p>\ud83d\udc49 <a href=\"https:\/\/www.gehirnsoftware.com?utm_term=rk16074\">Beratungsgespr\u00e4ch<\/a><\/p>\n\n\n\n<p>\ud83d\udc49 <a href=\"https:\/\/www.gehirnsoftware.com\/bewusstseins-test1?utm_term=rk16074\">Bewusstseins-Test<\/a><\/p>\n\n\n\n<p>\ud83d\udc49 <a href=\"https:\/\/www.gehirnsoftware.com\/empfehlungsprogramm\">Contact<\/a><\/p>\n\n\n\n<p><\/p>","protected":false},"excerpt":{"rendered":"<p>Bewusstsein ist ein Zugangzu innerer Stille, zu mehr Gelassenheitund zu einem Leben, das von Liebe und Genuss getragen ist. Sich mit dem eigenen Bewusstsein auseinanderzusetzen,kann etwas Grundlegendes ver\u00e4ndern. Nicht, weil man mehr versteht \u2013sondern weil sich die Wahrnehmung ver\u00e4ndert. Weniger im Reagieren.Mehr im Sein. Ein einfacher Zugang Gehirnsoftware er\u00f6ffnet einen direkten und \u00fcberraschend einfachen Weg,sich mit Bewusstsein zu verbinden. Sie verbindet altes Erfahrungswissen mit modernen wissenschaftlichen Perspektivenund macht erfahrbar, was sonst oft abstrakt bleibt. Gerade f\u00fcr Menschen, die klar denken und hinterfragen,kann das ein stimmiger Zugang sein. Eine Einladung \ud83d\udc49 Beratungsgespr\u00e4ch \ud83d\udc49 Bewusstseins-Test \ud83d\udc49 Kontakt<\/p>","protected":false},"author":1,"featured_media":0,"parent":0,"menu_order":0,"comment_status":"closed","ping_status":"closed","template":"","meta":{"_monsterinsights_skip_tracking":false,"_monsterinsights_sitenote_active":false,"_monsterinsights_sitenote_note":"","_monsterinsights_sitenote_category":0,"_uf_show_specific_survey":0,"_uf_disable_surveys":false,"footnotes":""},"class_list":["post-1332","page","type-page","status-publish","hentry"],"aioseo_notices":[],"acf":[],"_links":{"self":[{"href":"https:\/\/sebischmied.net\/en\/wp-json\/wp\/v2\/pages\/1332","targetHints":{"allow":["GET"]}}],"collection":[{"href":"https:\/\/sebischmied.net\/en\/wp-json\/wp\/v2\/pages"}],"about":[{"href":"https:\/\/sebischmied.net\/en\/wp-json\/wp\/v2\/types\/page"}],"author":[{"embeddable":true,"href":"https:\/\/sebischmied.net\/en\/wp-json\/wp\/v2\/users\/1"}],"replies":[{"embeddable":true,"href":"https:\/\/sebischmied.net\/en\/wp-json\/wp\/v2\/comments?post=1332"}],"version-history":[{"count":8,"href":"https:\/\/sebischmied.net\/en\/wp-json\/wp\/v2\/pages\/1332\/revisions"}],"predecessor-version":[{"id":1357,"href":"https:\/\/sebischmied.net\/en\/wp-json\/wp\/v2\/pages\/1332\/revisions\/1357"}],"wp:attachment":[{"href":"https:\/\/sebischmied.net\/en\/wp-json\/wp\/v2\/media?parent=1332"}],"curies":[{"name":"wp","href":"https:\/\/api.w.org\/{rel}","templated":true}]}}